{"id":1359,"date":"2023-08-27T08:06:35","date_gmt":"2023-08-27T08:06:35","guid":{"rendered":"https:\/\/sodablastsystems-europe.com\/efekty-pred-a-po\/"},"modified":"2024-11-03T01:16:31","modified_gmt":"2024-11-03T01:16:31","slug":"efekty-pred-a-po","status":"publish","type":"page","link":"https:\/\/sodablastsystems-europe.com\/cs\/efekty-pred-a-po\/","title":{"rendered":"Efekty p\u0159ed a po"},"content":{"rendered":"<p><\/p>\n\n<h2 class=\"wp-block-heading has-x-large-font-size\" id=\"h-amazing-transformation-with-sodablast-systems\">\u00da\u017easn\u00e1 prom\u011bna se syst\u00e9my SodaBlast<\/h2>\n\n<p>Objevte s\u00edlu trysk\u00e1n\u00ed sodou v na\u0161ich prom\u011bn\u00e1ch &#8222;P\u0159ed a po&#8220;. SodaBlast Systems nen\u00ed jen technologie, ale tak\u00e9 um\u011bn\u00ed obnovit p\u016fvodn\u00ed lesk povrch\u016f. N\u00ed\u017ee uv\u00e1d\u00edme galerii na\u0161\u00ed pr\u00e1ce, kde ka\u017ed\u00e1 fotografie vypov\u00edd\u00e1 o p\u0159esnosti, \u0161etrnosti a \u00fa\u010dinnosti na\u0161ich sod\u00edkov\u00fdch tryskac\u00edch stroj\u016f.<\/p>\n\n<h3 class=\"wp-block-heading has-large-font-size\">&#8222;P\u0159ed&#8220; &#8211; V\u00fdzva k \u010distot\u011b<\/h3>\n\n<p>Ka\u017ed\u00e9 &#8222;p\u0159ed&#8220; zachycuje okam\u017eiky, kdy se zd\u00e1lo, \u017ee povrchy jsou mimo dosah obnovy. Rez, graffiti, zne\u010di\u0161t\u011bn\u00ed &#8211; v\u0161echny vady, kter\u00e9 vy\u017eaduj\u00ed jemn\u00fd, ale \u00fa\u010dinn\u00fd z\u00e1sah.<\/p>\n\n<h3 class=\"wp-block-heading has-large-font-size\">&#8222;Po&#8220; &#8211; efekt syst\u00e9mu SodaBlast<\/h3>\n\n<p>V\u00fdsledky &#8222;po&#8220; uk\u00e1zaly, \u017ee p\u0159ed\u010dily o\u010dek\u00e1v\u00e1n\u00ed na\u0161e i na\u0161ich klient\u016f. Sv\u011bd\u010d\u00ed o s\u00edle hydrogenuhli\u010ditanu sodn\u00e9ho, kter\u00fd navrac\u00ed povrch\u016fm jejich p\u016fvodn\u00ed vzhled, ani\u017e by po\u0161kodil jejich strukturu.<\/p>\n\n<p>Zveme v\u00e1s k prohl\u00eddce p\u0159\u00edklad\u016f na\u0161ich \u00fasp\u011bch\u016f. Ka\u017ed\u00e1 fotografie je d\u016fkazem, \u017ee pro spole\u010dnost SodaBlast Systems nen\u00ed \u017e\u00e1dn\u00fd \u00fakol p\u0159\u00edli\u0161 obt\u00ed\u017en\u00fd.<\/p>\n\n<p>Posu\u0148te posuvn\u00edk na fotografii a uvid\u00edte rozd\u00edl:<\/p>\n<p>[bafg id=&#8220;320&#8243;]<\/p>\n<p>[bafg id=&#8220;318&#8243;]<\/p>\n<p>[bafg id=&#8220;322&#8243;]<\/p>\n<p>[bafg id=&#8220;324&#8243;]<\/p>\n<p>[bafg id=&#8220;325&#8243;]<\/p>\n<p>[bafg id=&#8220;326&#8243;]<\/p>\n<p>[bafg id=&#8220;328&#8243;]<\/p>\n<p>[bafg id=&#8220;329&#8243;]<\/p>\n<p>[bafg id=&#8220;330&#8243;]<\/p>\n<p>[bafg id=&#8220;331&#8243;]<\/p>\n<p>[bafg id=&#8220;332&#8243;]<\/p>\n<p>[bafg id=&#8220;334&#8243;]<\/p>\n<p>[bafg id=&#8220;335&#8243;]<\/p>\n<p>[bafg id=&#8220;337&#8243;]<\/p>\n<p>[bafg id=&#8220;338&#8243;]<\/p>\n<p>[bafg id=&#8220;339&#8243;]<\/p>\n<p>[bafg id=&#8220;340&#8243;]<\/p>\n<p>[bafg id=&#8220;341&#8243;]<\/p>\n<p>[bafg id=&#8220;342&#8243;]<\/p>\n<p>[bafg id=&#8220;343&#8243;]<\/p>\n<p>[bafg id=&#8220;345&#8243;]<\/p>\n<p>[bafg id=&#8220;346&#8243;]<\/p>\n<p>[bafg id=&#8220;347&#8243;]<\/p>\n<p>[bafg id=&#8220;348&#8243;]<\/p>\n<p>[bafg id=&#8220;349&#8243;]<\/p>\n<p>[bafg id=&#8220;350&#8243;]<\/p>\n<p>[bafg id=&#8220;351&#8243;]<\/p>\n<p>[bafg id=&#8220;352&#8243;]<\/p>\n<p>[bafg id=&#8220;353&#8243;]<\/p>\n<p>[bafg id=&#8220;354&#8243;]<\/p>\n<p>[bafg id=&#8220;355&#8243;]<\/p>\n<p>[bafg id=&#8220;356&#8243;]<\/p>\n<p>[bafg id=&#8220;357&#8243;]<\/p>\n<p>[bafg id=&#8220;358&#8243;]<\/p>\n<p>[bafg id=&#8220;359&#8243;]<\/p>\n<p>[bafg id=&#8220;360&#8243;]<\/p>\n<p>[bafg id=&#8220;361&#8243;]<\/p>","protected":false},"excerpt":{"rendered":"<p>\u00da\u017easn\u00e1 prom\u011bna se syst\u00e9my SodaBlast Objevte s\u00edlu trysk\u00e1n\u00ed sodou v na\u0161ich prom\u011bn\u00e1ch &#8222;P\u0159ed a po&#8220;. SodaBlast Systems nen\u00ed jen technologie, ale tak\u00e9 um\u011bn\u00ed obnovit p\u016fvodn\u00ed lesk povrch\u016f. N\u00ed\u017ee uv\u00e1d\u00edme galerii na\u0161\u00ed pr\u00e1ce, kde ka\u017ed\u00e1 fotografie vypov\u00edd\u00e1 o p\u0159esnosti, \u0161etrnosti a \u00fa\u010dinnosti na\u0161ich sod\u00edkov\u00fdch tryskac\u00edch stroj\u016f. &#8222;P\u0159ed&#8220; &#8211; V\u00fdzva k \u010distot\u011b Ka\u017ed\u00e9 &#8222;p\u0159ed&#8220; zachycuje okam\u017eiky, kdy [&hellip;]<\/p>","protected":false},"author":1,"featured_media":0,"parent":0,"menu_order":0,"comment_status":"closed","ping_status":"closed","template":"","meta":{"footnotes":""},"class_list":["post-1359","page","type-page","status-publish","hentry"],"yoast_head":"<!-- This site is optimized with the Yoast SEO Premium plugin v21.5 (Yoast SEO v21.5) - https:\/\/yoast.com\/wordpress\/plugins\/seo\/ -->\n<title>P\u0159ed a po otrysk\u00e1n\u00ed sodou - SodaBlast Systems<\/title>\n<meta name=\"description\" content=\"Objevte transforma\u010dn\u00ed s\u00edlu trysk\u00e1n\u00ed sodou se spole\u010dnost\u00ed SodaBlast Systems Europe. Prohl\u00e9dn\u011bte si na\u0161i galerii p\u0159ed a po, kter\u00e1 ukazuje efektivn\u00ed odstra\u0148ov\u00e1n\u00ed n\u00e1t\u011br\u016f, rezav\u011bn\u00ed a obnovu povrch\u016f pro r\u016fzn\u00e9 aplikace.\" \/>\n<meta name=\"robots\" content=\"index, follow, max-snippet:-1, max-image-preview:large, max-video-preview:-1\" \/>\n<link rel=\"canonical\" href=\"https:\/\/sodablastsystems-europe.com\/cs\/efekty-pred-a-po\/\" \/>\n<meta property=\"og:locale\" content=\"cs_CZ\" \/>\n<meta property=\"og:type\" content=\"article\" \/>\n<meta property=\"og:title\" content=\"Efekty p\u0159ed a po\" \/>\n<meta property=\"og:description\" content=\"Objevte transforma\u010dn\u00ed s\u00edlu trysk\u00e1n\u00ed sodou se spole\u010dnost\u00ed SodaBlast Systems Europe. Prohl\u00e9dn\u011bte si na\u0161i galerii p\u0159ed a po, kter\u00e1 ukazuje efektivn\u00ed odstra\u0148ov\u00e1n\u00ed n\u00e1t\u011br\u016f, rezav\u011bn\u00ed a obnovu povrch\u016f pro r\u016fzn\u00e9 aplikace.\" \/>\n<meta property=\"og:url\" content=\"https:\/\/sodablastsystems-europe.com\/cs\/efekty-pred-a-po\/\" \/>\n<meta property=\"og:site_name\" content=\"SodaBlast Systems\" \/>\n<meta property=\"article:publisher\" content=\"https:\/\/www.facebook.com\/sodablastsystems\/\" \/>\n<meta property=\"article:modified_time\" content=\"2024-11-03T01:16:31+00:00\" \/>\n<meta property=\"og:image\" content=\"https:\/\/sodablastsystems-europe.com\/wp-content\/uploads\/2023\/08\/logo-sodablastsystems-usa-1.png\" \/>\n\t<meta property=\"og:image:width\" content=\"200\" \/>\n\t<meta property=\"og:image:height\" content=\"200\" \/>\n\t<meta property=\"og:image:type\" content=\"image\/png\" \/>\n<meta name=\"twitter:card\" content=\"summary_large_image\" \/>\n<meta name=\"twitter:label1\" content=\"Odhadovan\u00e1 doba \u010dten\u00ed\" \/>\n\t<meta name=\"twitter:data1\" content=\"1 minuta\" \/>\n<script type=\"application\/ld+json\" class=\"yoast-schema-graph\">{\"@context\":\"https:\/\/schema.org\",\"@graph\":[{\"@type\":\"WebPage\",\"@id\":\"https:\/\/sodablastsystems-europe.com\/cs\/efekty-pred-a-po\/\",\"url\":\"https:\/\/sodablastsystems-europe.com\/cs\/efekty-pred-a-po\/\",\"name\":\"P\u0159ed a po otrysk\u00e1n\u00ed sodou - SodaBlast Systems\",\"isPartOf\":{\"@id\":\"https:\/\/sodablastsystems-europe.com\/cs\/#website\"},\"datePublished\":\"2023-08-27T08:06:35+00:00\",\"dateModified\":\"2024-11-03T01:16:31+00:00\",\"description\":\"Objevte transforma\u010dn\u00ed s\u00edlu trysk\u00e1n\u00ed sodou se spole\u010dnost\u00ed SodaBlast Systems Europe. Prohl\u00e9dn\u011bte si na\u0161i galerii p\u0159ed a po, kter\u00e1 ukazuje efektivn\u00ed odstra\u0148ov\u00e1n\u00ed n\u00e1t\u011br\u016f, rezav\u011bn\u00ed a obnovu povrch\u016f pro r\u016fzn\u00e9 aplikace.\",\"breadcrumb\":{\"@id\":\"https:\/\/sodablastsystems-europe.com\/cs\/efekty-pred-a-po\/#breadcrumb\"},\"inLanguage\":\"cs\",\"potentialAction\":[{\"@type\":\"ReadAction\",\"target\":[\"https:\/\/sodablastsystems-europe.com\/cs\/efekty-pred-a-po\/\"]}]},{\"@type\":\"BreadcrumbList\",\"@id\":\"https:\/\/sodablastsystems-europe.com\/cs\/efekty-pred-a-po\/#breadcrumb\",\"itemListElement\":[{\"@type\":\"ListItem\",\"position\":1,\"name\":\"Strona g\u0142\u00f3wna\",\"item\":\"https:\/\/sodablastsystems-europe.com\/cs\/\"},{\"@type\":\"ListItem\",\"position\":2,\"name\":\"Efekty p\u0159ed a po\"}]},{\"@type\":\"WebSite\",\"@id\":\"https:\/\/sodablastsystems-europe.com\/cs\/#website\",\"url\":\"https:\/\/sodablastsystems-europe.com\/cs\/\",\"name\":\"SodaBlast Systems Europe\",\"description\":\"SodaBlasting Machines from USA. Innovative Technology For Your Business.\",\"publisher\":{\"@id\":\"https:\/\/sodablastsystems-europe.com\/cs\/#organization\"},\"potentialAction\":[{\"@type\":\"SearchAction\",\"target\":{\"@type\":\"EntryPoint\",\"urlTemplate\":\"https:\/\/sodablastsystems-europe.com\/cs\/?s={search_term_string}\"},\"query-input\":\"required name=search_term_string\"}],\"inLanguage\":\"cs\"},{\"@type\":\"Organization\",\"@id\":\"https:\/\/sodablastsystems-europe.com\/cs\/#organization\",\"name\":\"SodaBlast Systems Europe\",\"url\":\"https:\/\/sodablastsystems-europe.com\/cs\/\",\"logo\":{\"@type\":\"ImageObject\",\"inLanguage\":\"cs\",\"@id\":\"https:\/\/sodablastsystems-europe.com\/cs\/#\/schema\/logo\/image\/\",\"url\":\"https:\/\/sodablastsystems-europe.com\/wp-content\/uploads\/2023\/08\/logo-sodablastsystems-usa-1.png\",\"contentUrl\":\"https:\/\/sodablastsystems-europe.com\/wp-content\/uploads\/2023\/08\/logo-sodablastsystems-usa-1.png\",\"width\":200,\"height\":200,\"caption\":\"SodaBlast Systems Europe\"},\"image\":{\"@id\":\"https:\/\/sodablastsystems-europe.com\/cs\/#\/schema\/logo\/image\/\"},\"sameAs\":[\"https:\/\/www.facebook.com\/sodablastsystems\/\",\"https:\/\/www.tiktok.com\/@sodablast.systems\",\"https:\/\/www.instagram.com\/sodablastsystems_europe\/\",\"https:\/\/www.youtube.com\/@Sodablastsystems\"]}]}<\/script>\n<!-- \/ Yoast SEO Premium plugin. -->","yoast_head_json":{"title":"P\u0159ed a po otrysk\u00e1n\u00ed sodou - SodaBlast Systems","description":"Objevte transforma\u010dn\u00ed s\u00edlu trysk\u00e1n\u00ed sodou se spole\u010dnost\u00ed SodaBlast Systems Europe. Prohl\u00e9dn\u011bte si na\u0161i galerii p\u0159ed a po, kter\u00e1 ukazuje efektivn\u00ed odstra\u0148ov\u00e1n\u00ed n\u00e1t\u011br\u016f, rezav\u011bn\u00ed a obnovu povrch\u016f pro r\u016fzn\u00e9 aplikace.","robots":{"index":"index","follow":"follow","max-snippet":"max-snippet:-1","max-image-preview":"max-image-preview:large","max-video-preview":"max-video-preview:-1"},"canonical":"https:\/\/sodablastsystems-europe.com\/cs\/efekty-pred-a-po\/","og_locale":"cs_CZ","og_type":"article","og_title":"Efekty p\u0159ed a po","og_description":"Objevte transforma\u010dn\u00ed s\u00edlu trysk\u00e1n\u00ed sodou se spole\u010dnost\u00ed SodaBlast Systems Europe. Prohl\u00e9dn\u011bte si na\u0161i galerii p\u0159ed a po, kter\u00e1 ukazuje efektivn\u00ed odstra\u0148ov\u00e1n\u00ed n\u00e1t\u011br\u016f, rezav\u011bn\u00ed a obnovu povrch\u016f pro r\u016fzn\u00e9 aplikace.","og_url":"https:\/\/sodablastsystems-europe.com\/cs\/efekty-pred-a-po\/","og_site_name":"SodaBlast Systems","article_publisher":"https:\/\/www.facebook.com\/sodablastsystems\/","article_modified_time":"2024-11-03T01:16:31+00:00","og_image":[{"width":200,"height":200,"url":"https:\/\/sodablastsystems-europe.com\/wp-content\/uploads\/2023\/08\/logo-sodablastsystems-usa-1.png","type":"image\/png"}],"twitter_card":"summary_large_image","twitter_misc":{"Odhadovan\u00e1 doba \u010dten\u00ed":"1 minuta"},"schema":{"@context":"https:\/\/schema.org","@graph":[{"@type":"WebPage","@id":"https:\/\/sodablastsystems-europe.com\/cs\/efekty-pred-a-po\/","url":"https:\/\/sodablastsystems-europe.com\/cs\/efekty-pred-a-po\/","name":"P\u0159ed a po otrysk\u00e1n\u00ed sodou - SodaBlast Systems","isPartOf":{"@id":"https:\/\/sodablastsystems-europe.com\/cs\/#website"},"datePublished":"2023-08-27T08:06:35+00:00","dateModified":"2024-11-03T01:16:31+00:00","description":"Objevte transforma\u010dn\u00ed s\u00edlu trysk\u00e1n\u00ed sodou se spole\u010dnost\u00ed SodaBlast Systems Europe. Prohl\u00e9dn\u011bte si na\u0161i galerii p\u0159ed a po, kter\u00e1 ukazuje efektivn\u00ed odstra\u0148ov\u00e1n\u00ed n\u00e1t\u011br\u016f, rezav\u011bn\u00ed a obnovu povrch\u016f pro r\u016fzn\u00e9 aplikace.","breadcrumb":{"@id":"https:\/\/sodablastsystems-europe.com\/cs\/efekty-pred-a-po\/#breadcrumb"},"inLanguage":"cs","potentialAction":[{"@type":"ReadAction","target":["https:\/\/sodablastsystems-europe.com\/cs\/efekty-pred-a-po\/"]}]},{"@type":"BreadcrumbList","@id":"https:\/\/sodablastsystems-europe.com\/cs\/efekty-pred-a-po\/#breadcrumb","itemListElement":[{"@type":"ListItem","position":1,"name":"Strona g\u0142\u00f3wna","item":"https:\/\/sodablastsystems-europe.com\/cs\/"},{"@type":"ListItem","position":2,"name":"Efekty p\u0159ed a po"}]},{"@type":"WebSite","@id":"https:\/\/sodablastsystems-europe.com\/cs\/#website","url":"https:\/\/sodablastsystems-europe.com\/cs\/","name":"SodaBlast Systems Europe","description":"SodaBlasting Machines from USA. Innovative Technology For Your Business.","publisher":{"@id":"https:\/\/sodablastsystems-europe.com\/cs\/#organization"},"potentialAction":[{"@type":"SearchAction","target":{"@type":"EntryPoint","urlTemplate":"https:\/\/sodablastsystems-europe.com\/cs\/?s={search_term_string}"},"query-input":"required name=search_term_string"}],"inLanguage":"cs"},{"@type":"Organization","@id":"https:\/\/sodablastsystems-europe.com\/cs\/#organization","name":"SodaBlast Systems Europe","url":"https:\/\/sodablastsystems-europe.com\/cs\/","logo":{"@type":"ImageObject","inLanguage":"cs","@id":"https:\/\/sodablastsystems-europe.com\/cs\/#\/schema\/logo\/image\/","url":"https:\/\/sodablastsystems-europe.com\/wp-content\/uploads\/2023\/08\/logo-sodablastsystems-usa-1.png","contentUrl":"https:\/\/sodablastsystems-europe.com\/wp-content\/uploads\/2023\/08\/logo-sodablastsystems-usa-1.png","width":200,"height":200,"caption":"SodaBlast Systems Europe"},"image":{"@id":"https:\/\/sodablastsystems-europe.com\/cs\/#\/schema\/logo\/image\/"},"sameAs":["https:\/\/www.facebook.com\/sodablastsystems\/","https:\/\/www.tiktok.com\/@sodablast.systems","https:\/\/www.instagram.com\/sodablastsystems_europe\/","https:\/\/www.youtube.com\/@Sodablastsystems"]}]}},"_links":{"self":[{"href":"https:\/\/sodablastsystems-europe.com\/cs\/wp-json\/wp\/v2\/pages\/1359","targetHints":{"allow":["GET"]}}],"collection":[{"href":"https:\/\/sodablastsystems-europe.com\/cs\/wp-json\/wp\/v2\/pages"}],"about":[{"href":"https:\/\/sodablastsystems-europe.com\/cs\/wp-json\/wp\/v2\/types\/page"}],"author":[{"embeddable":true,"href":"https:\/\/sodablastsystems-europe.com\/cs\/wp-json\/wp\/v2\/users\/1"}],"replies":[{"embeddable":true,"href":"https:\/\/sodablastsystems-europe.com\/cs\/wp-json\/wp\/v2\/comments?post=1359"}],"version-history":[{"count":1,"href":"https:\/\/sodablastsystems-europe.com\/cs\/wp-json\/wp\/v2\/pages\/1359\/revisions"}],"predecessor-version":[{"id":1362,"href":"https:\/\/sodablastsystems-europe.com\/cs\/wp-json\/wp\/v2\/pages\/1359\/revisions\/1362"}],"wp:attachment":[{"href":"https:\/\/sodablastsystems-europe.com\/cs\/wp-json\/wp\/v2\/media?parent=1359"}],"curies":[{"name":"wp","href":"https:\/\/api.w.org\/{rel}","templated":true}]}}